{"id":989722,"date":"2024-12-11T11:30:37","date_gmt":"2024-12-11T11:30:37","guid":{"rendered":"https:\/\/www.medyouin.com\/?page_id=989722"},"modified":"2024-12-11T11:51:28","modified_gmt":"2024-12-11T11:51:28","slug":"mazine-abajlal","status":"publish","type":"page","link":"https:\/\/www.medyouin.com\/en\/team\/mazine-abajlal\/","title":{"rendered":"MAZINE ABAJLAL"},"content":{"rendered":"<div data-elementor-type=\"wp-page\" data-elementor-id=\"989722\" class=\"elementor elementor-989722\">\n\t\t\t\t\t\t<section class=\"elementor-section elementor-top-section elementor-element elementor-element-76a11dc6 elementor-section-full_width elementor-section-height-default elementor-section-height-default\" data-id=\"76a11dc6\" data-element_type=\"section\" data-e-type=\"section\">\n\t\t\t\t\t\t<div class=\"elementor-container elementor-column-gap-no\">\n\t\t\t\t\t<div class=\"elementor-column elementor-col-100 elementor-top-column elementor-element elementor-element-4f6e3543\" data-id=\"4f6e3543\" data-element_type=\"column\" data-e-type=\"column\">\n\t\t\t<div class=\"elementor-widget-wrap elementor-element-populated\">\n\t\t\t\t\t\t<div class=\"elementor-element elementor-element-72cf44ec elementor-widget elementor-widget-text-editor\" data-id=\"72cf44ec\" data-element_type=\"widget\" data-e-type=\"widget\" data-widget_type=\"text-editor.default\">\n\t\t\t\t<div class=\"elementor-widget-container\">\n\t\t\t\t\t\t\t\t\t<p>Mazine Abajlal est un membre cl\u00e9 de notre \u00e9quipe de d\u00e9veloppement, reconnu pour son expertise en tant que D\u00e9veloppeur Mobile Flutter. Il excelle dans la cr\u00e9ation d\u2019applications mobiles modernes et performantes, alliant design \u00e9l\u00e9gant et fonctionnalit\u00e9s avanc\u00e9es.<\/p><p>Avec une ma\u00eetrise approfondie du framework Flutter, Mazine d\u00e9veloppe des applications multiplateformes offrant une exp\u00e9rience utilisateur fluide et homog\u00e8ne sur iOS et Android. Son expertise en Dart lui permet de concevoir des solutions rapides, fiables et adapt\u00e9es aux besoins sp\u00e9cifiques de nos projets.<\/p><p>En tant que d\u00e9veloppeur passionn\u00e9, Mazine est un innovateur et un r\u00e9solveur de probl\u00e8mes, capable de relever les d\u00e9fis techniques propres au d\u00e9veloppement mobile. Il se distingue par sa capacit\u00e9 \u00e0 concevoir des interfaces utilisateur intuitives et attrayantes, ainsi qu\u2019\u00e0 impl\u00e9menter des fonctionnalit\u00e9s de pointe. Sa rigueur, son souci du d\u00e9tail et son engagement envers les meilleures pratiques font de lui un atout indispensable pour notre \u00e9quipe.<\/p>\t\t\t\t\t\t\t\t<\/div>\n\t\t\t\t<\/div>\n\t\t\t\t<div class=\"elementor-element elementor-element-4026ba07 elementor-widget elementor-widget-text-editor\" data-id=\"4026ba07\" data-element_type=\"widget\" data-e-type=\"widget\" data-widget_type=\"text-editor.default\">\n\t\t\t\t<div class=\"elementor-widget-container\">\n\t\t\t\t\t\t\t\t\t<p>\u201cMAZINE D\u00c9VELOPPEUR MOBILE FLUTTER .\u201d<\/p>\t\t\t\t\t\t\t\t<\/div>\n\t\t\t\t<\/div>\n\t\t\t\t<div class=\"elementor-element elementor-element-18ed77ab elementor-shape-circle elementor-grid-2 e-grid-align-left e-grid-align-mobile-left elementor-widget__width-auto elementor-widget elementor-widget-social-icons\" data-id=\"18ed77ab\" data-element_type=\"widget\" data-e-type=\"widget\" data-widget_type=\"social-icons.default\">\n\t\t\t\t<div class=\"elementor-widget-container\">\n\t\t\t\t\t\t\t<div class=\"elementor-social-icons-wrapper elementor-grid\">\n\t\t\t\t\t\t\t<span class=\"elementor-grid-item\">\n\t\t\t\t\t<a class=\"elementor-icon elementor-social-icon elementor-social-icon-linkedin elementor-repeater-item-c7c5b59\" href=\"https:\/\/www.linkedin.com\/in\/mouad-d-634108214\/\" target=\"_blank\">\n\t\t\t\t\t\t<span class=\"elementor-screen-only\">Linkedin<\/span>\n\t\t\t\t\t\t<i aria-hidden=\"true\" class=\"fab fa-linkedin\"><\/i>\t\t\t\t\t<\/a>\n\t\t\t\t<\/span>\n\t\t\t\t\t<\/div>\n\t\t\t\t\t\t<\/div>\n\t\t\t\t<\/div>\n\t\t\t\t<div class=\"vamtam-has-theme-widget-styles elementor-element elementor-element-1db9d614 vamtam-has-underline-anim elementor-widget__width-auto elementor-widget elementor-widget-button\" data-id=\"1db9d614\" data-element_type=\"widget\" data-e-type=\"widget\" data-widget_type=\"button.default\">\n\t\t\t\t<div class=\"elementor-widget-container\">\n\t\t\t\t\t\t\t\t\t<div class=\"elementor-button-wrapper\">\n\t\t\t\t\t<a class=\"elementor-button elementor-button-link elementor-size-sm\" href=\"https:\/\/www.medyouin.com\/en\/team\/\">\n\t\t\t\t\t\t<span class=\"elementor-button-content-wrapper\">\n\t\t\t\t\t\t\t\t\t<span class=\"elementor-button-text\">Back to Team Members<\/span>\n\t\t\t\t\t<\/span>\n\t\t\t\t\t<\/a>\n\t\t\t\t<\/div>\n\t\t\t\t\t\t\t\t<\/div>\n\t\t\t\t<\/div>\n\t\t\t\t\t<\/div>\n\t\t<\/div>\n\t\t\t\t\t<\/div>\n\t\t<\/section>\n\t\t\t\t<\/div>","protected":false},"excerpt":{"rendered":"<p>Mobile Developer \u2013 Flutter<\/p>","protected":false},"author":1,"featured_media":989725,"parent":1295,"menu_order":0,"comment_status":"closed","ping_status":"closed","template":"","meta":{"om_disable_all_campaigns":false,"_monsterinsights_skip_tracking":false,"_monsterinsights_sitenote_active":false,"_monsterinsights_sitenote_note":"","_monsterinsights_sitenote_category":0,"footnotes":""},"class_list":["post-989722","page","type-page","status-publish","has-post-thumbnail","hentry"],"aioseo_notices":[],"_links":{"self":[{"href":"https:\/\/www.medyouin.com\/en\/wp-json\/wp\/v2\/pages\/989722","targetHints":{"allow":["GET"]}}],"collection":[{"href":"https:\/\/www.medyouin.com\/en\/wp-json\/wp\/v2\/pages"}],"about":[{"href":"https:\/\/www.medyouin.com\/en\/wp-json\/wp\/v2\/types\/page"}],"author":[{"embeddable":true,"href":"https:\/\/www.medyouin.com\/en\/wp-json\/wp\/v2\/users\/1"}],"replies":[{"embeddable":true,"href":"https:\/\/www.medyouin.com\/en\/wp-json\/wp\/v2\/comments?post=989722"}],"version-history":[{"count":0,"href":"https:\/\/www.medyouin.com\/en\/wp-json\/wp\/v2\/pages\/989722\/revisions"}],"up":[{"embeddable":true,"href":"https:\/\/www.medyouin.com\/en\/wp-json\/wp\/v2\/pages\/1295"}],"wp:featuredmedia":[{"embeddable":true,"href":"https:\/\/www.medyouin.com\/en\/wp-json\/wp\/v2\/media\/989725"}],"wp:attachment":[{"href":"https:\/\/www.medyouin.com\/en\/wp-json\/wp\/v2\/media?parent=989722"}],"curies":[{"name":"wp","href":"https:\/\/api.w.org\/{rel}","templated":true}]}}