{"id":989669,"date":"2024-06-05T13:57:53","date_gmt":"2024-06-05T13:57:53","guid":{"rendered":"https:\/\/www.medyouin.com\/?page_id=989669"},"modified":"2024-06-10T09:01:17","modified_gmt":"2024-06-10T09:01:17","slug":"hamza-el-filali","status":"publish","type":"page","link":"https:\/\/www.medyouin.com\/en\/team\/hamza-el-filali\/","title":{"rendered":"HAMZA EL FILALI"},"content":{"rendered":"<div data-elementor-type=\"wp-page\" data-elementor-id=\"989669\" class=\"elementor elementor-989669\">\n\t\t\t\t\t\t<section class=\"elementor-section elementor-top-section elementor-element elementor-element-55ff49d2 elementor-section-full_width elementor-section-height-default elementor-section-height-default\" data-id=\"55ff49d2\" data-element_type=\"section\" data-e-type=\"section\">\n\t\t\t\t\t\t<div class=\"elementor-container elementor-column-gap-no\">\n\t\t\t\t\t<div class=\"elementor-column elementor-col-100 elementor-top-column elementor-element elementor-element-6b7485ca\" data-id=\"6b7485ca\" data-element_type=\"column\" data-e-type=\"column\">\n\t\t\t<div class=\"elementor-widget-wrap elementor-element-populated\">\n\t\t\t\t\t\t<div class=\"elementor-element elementor-element-17a6a4c8 elementor-widget elementor-widget-text-editor\" data-id=\"17a6a4c8\" data-element_type=\"widget\" data-e-type=\"widget\" data-widget_type=\"text-editor.default\">\n\t\t\t\t<div class=\"elementor-widget-container\">\n\t\t\t\t\t\t\t\t\t<p>HAMZA EL FILALI est notre Responsable d\u2019\u00c9quipe IT doubl\u00e9 d\u2019un Scrum Master d\u00e9vou\u00e9. Il est un leader charismatique et comp\u00e9tent qui excelle dans la gestion de projets informatiques complexes tout en suivant les principes de la m\u00e9thodologie Agile Scrum.<\/p><p>En tant que Responsable d\u2019\u00c9quipe IT, Hamza assure une coordination transparente entre les membres de l\u2019\u00e9quipe, s\u2019assurant que chacun comprend son r\u00f4le et ses responsabilit\u00e9s, tout en veillant \u00e0 ce que les projets soient livr\u00e9s en temps voulu et dans le respect du budget. Il motive son \u00e9quipe, favorise la collaboration et r\u00e9sout rapidement les obstacles qui pourraient entraver le progr\u00e8s.<\/p><p>En tant que Scrum Master, Hamza guide l\u2019\u00e9quipe dans l\u2019adoption des pratiques Agiles. Il organise des r\u00e9unions de sprint, favorise la communication et la transparence, et aide l\u2019\u00e9quipe \u00e0 s\u2019am\u00e9liorer continuellement. Son expertise en gestion de projet et sa compr\u00e9hension des m\u00e9thodologies Agiles sont essentielles pour notre succ\u00e8s.<\/p>\t\t\t\t\t\t\t\t<\/div>\n\t\t\t\t<\/div>\n\t\t\t\t<div class=\"elementor-element elementor-element-4466aa36 elementor-widget elementor-widget-text-editor\" data-id=\"4466aa36\" data-element_type=\"widget\" data-e-type=\"widget\" data-widget_type=\"text-editor.default\">\n\t\t\t\t<div class=\"elementor-widget-container\">\n\t\t\t\t\t\t\t\t\t<p>\u201cHAMZA EL FILALI RESPONSABLE D&rsquo;\u00c9QUIPE IT &#8211; SCRUM MASTER .\u201d<\/p>\t\t\t\t\t\t\t\t<\/div>\n\t\t\t\t<\/div>\n\t\t\t\t<div class=\"elementor-element elementor-element-326b743d elementor-shape-circle elementor-grid-2 e-grid-align-left e-grid-align-mobile-left elementor-widget__width-auto elementor-widget elementor-widget-social-icons\" data-id=\"326b743d\" data-element_type=\"widget\" data-e-type=\"widget\" data-widget_type=\"social-icons.default\">\n\t\t\t\t<div class=\"elementor-widget-container\">\n\t\t\t\t\t\t\t<div class=\"elementor-social-icons-wrapper elementor-grid\" role=\"list\">\n\t\t\t\t\t\t\t<span class=\"elementor-grid-item\" role=\"listitem\">\n\t\t\t\t\t<a class=\"elementor-icon elementor-social-icon elementor-social-icon-linkedin elementor-repeater-item-c7c5b59\" href=\"http:\/\/linkedin.com\" target=\"_blank\">\n\t\t\t\t\t\t<span class=\"elementor-screen-only\">Linkedin<\/span>\n\t\t\t\t\t\t<i aria-hidden=\"true\" class=\"fab fa-linkedin\"><\/i>\t\t\t\t\t<\/a>\n\t\t\t\t<\/span>\n\t\t\t\t\t\t\t<span class=\"elementor-grid-item\" role=\"listitem\">\n\t\t\t\t\t<a class=\"elementor-icon elementor-social-icon elementor-social-icon-twitter elementor-repeater-item-7b267b3\" href=\"https:\/\/twitter.com\/vamtam\" target=\"_blank\">\n\t\t\t\t\t\t<span class=\"elementor-screen-only\">Twitter<\/span>\n\t\t\t\t\t\t<i aria-hidden=\"true\" class=\"fab fa-twitter\"><\/i>\t\t\t\t\t<\/a>\n\t\t\t\t<\/span>\n\t\t\t\t\t<\/div>\n\t\t\t\t\t\t<\/div>\n\t\t\t\t<\/div>\n\t\t\t\t<div class=\"vamtam-has-theme-widget-styles elementor-element elementor-element-7d06e7ac vamtam-has-underline-anim elementor-widget__width-auto elementor-widget elementor-widget-button\" data-id=\"7d06e7ac\" data-element_type=\"widget\" data-e-type=\"widget\" data-widget_type=\"button.default\">\n\t\t\t\t<div class=\"elementor-widget-container\">\n\t\t\t\t\t\t\t\t\t<div class=\"elementor-button-wrapper\">\n\t\t\t\t\t<a class=\"elementor-button elementor-button-link elementor-size-sm\" href=\"https:\/\/www.medyouin.com\/en\/team\/\">\n\t\t\t\t\t\t<span class=\"elementor-button-content-wrapper\">\n\t\t\t\t\t\t\t\t\t<span class=\"elementor-button-text\">Back to Team Members<\/span>\n\t\t\t\t\t<\/span>\n\t\t\t\t\t<\/a>\n\t\t\t\t<\/div>\n\t\t\t\t\t\t\t\t<\/div>\n\t\t\t\t<\/div>\n\t\t\t\t\t<\/div>\n\t\t<\/div>\n\t\t\t\t\t<\/div>\n\t\t<\/section>\n\t\t\t\t<\/div>","protected":false},"excerpt":{"rendered":"<p>IT Team Manager \u2013 Scrum Master<\/p>","protected":false},"author":1,"featured_media":989671,"parent":1295,"menu_order":0,"comment_status":"closed","ping_status":"closed","template":"","meta":{"om_disable_all_campaigns":false,"_monsterinsights_skip_tracking":false,"_monsterinsights_sitenote_active":false,"_monsterinsights_sitenote_note":"","_monsterinsights_sitenote_category":0,"footnotes":""},"class_list":["post-989669","page","type-page","status-publish","has-post-thumbnail","hentry"],"aioseo_notices":[],"_links":{"self":[{"href":"https:\/\/www.medyouin.com\/en\/wp-json\/wp\/v2\/pages\/989669","targetHints":{"allow":["GET"]}}],"collection":[{"href":"https:\/\/www.medyouin.com\/en\/wp-json\/wp\/v2\/pages"}],"about":[{"href":"https:\/\/www.medyouin.com\/en\/wp-json\/wp\/v2\/types\/page"}],"author":[{"embeddable":true,"href":"https:\/\/www.medyouin.com\/en\/wp-json\/wp\/v2\/users\/1"}],"replies":[{"embeddable":true,"href":"https:\/\/www.medyouin.com\/en\/wp-json\/wp\/v2\/comments?post=989669"}],"version-history":[{"count":0,"href":"https:\/\/www.medyouin.com\/en\/wp-json\/wp\/v2\/pages\/989669\/revisions"}],"up":[{"embeddable":true,"href":"https:\/\/www.medyouin.com\/en\/wp-json\/wp\/v2\/pages\/1295"}],"wp:featuredmedia":[{"embeddable":true,"href":"https:\/\/www.medyouin.com\/en\/wp-json\/wp\/v2\/media\/989671"}],"wp:attachment":[{"href":"https:\/\/www.medyouin.com\/en\/wp-json\/wp\/v2\/media?parent=989669"}],"curies":[{"name":"wp","href":"https:\/\/api.w.org\/{rel}","templated":true}]}}