{"id":97,"date":"2023-03-09T12:56:04","date_gmt":"2023-03-09T12:56:04","guid":{"rendered":"https:\/\/tecnologia.vamtam.com\/?page_id=97"},"modified":"2025-10-01T13:00:23","modified_gmt":"2025-10-01T12:00:23","slug":"nos-applications-developpees","status":"publish","type":"page","link":"https:\/\/www.medyouin.com\/en\/nos-applications-developpees\/","title":{"rendered":"Nos applications d\u00e9velopp\u00e9es chez MED YOU IN Mekn\u00e8s, Montpellier"},"content":{"rendered":"<div data-elementor-type=\"wp-page\" data-elementor-id=\"97\" class=\"elementor elementor-97\">\n\t\t\t\t\t\t<section class=\"elementor-section elementor-top-section elementor-element elementor-element-a3fed96 elementor-section-boxed elementor-section-height-default elementor-section-height-default\" data-id=\"a3fed96\" data-element_type=\"section\" data-e-type=\"section\">\n\t\t\t\t\t\t<div class=\"elementor-container elementor-column-gap-default\">\n\t\t\t\t\t<div class=\"elementor-column elementor-col-100 elementor-top-column elementor-element elementor-element-93671c6\" data-id=\"93671c6\" data-element_type=\"column\" data-e-type=\"column\">\n\t\t\t<div class=\"elementor-widget-wrap elementor-element-populated\">\n\t\t\t\t\t\t<div class=\"elementor-element elementor-element-dc2166d elementor-widget elementor-widget-text-editor\" data-id=\"dc2166d\" data-element_type=\"widget\" data-e-type=\"widget\" data-widget_type=\"text-editor.default\">\n\t\t\t\t<div class=\"elementor-widget-container\">\n\t\t\t\t\t\t\t\t\t<p>Bienvenue chez Med You in \u00e0 Mekn\u00e8s et Montpellier, o\u00f9 nous concevons et d\u00e9veloppons des applications performantes et sur mesure pour r\u00e9pondre aux besoins sp\u00e9cifiques des entreprises au Maroc et en France. Nos services incluent le d\u00e9veloppement informatique, la transformation digitale, et la cr\u00e9ation de logiciels personnalis\u00e9s pour entreprises, garantissant s\u00e9curit\u00e9 et performance web. Nous accompagnons les entreprises dans leur transition num\u00e9rique au Maroc et leur adoption de solutions digitales en France, en proposant des services comme l\u2019h\u00e9bergement web s\u00e9curis\u00e9 et le d\u00e9veloppement de logiciels sur mesure. Avec notre expertise en accompagnement digital PME, nous sommes reconnus comme un partenaire digital de confiance, que vous soyez bas\u00e9 \u00e0 Mekn\u00e8s, Casablanca, Montpellier, ou Paris. D\u00e9couvrez comment Med You in peut propulser votre entreprise gr\u00e2ce \u00e0 des solutions num\u00e9riques innovantes et un h\u00e9bergement professionnel Maroc-France.<\/p>\t\t\t\t\t\t\t\t<\/div>\n\t\t\t\t<\/div>\n\t\t\t\t\t<\/div>\n\t\t<\/div>\n\t\t\t\t\t<\/div>\n\t\t<\/section>\n\t\t\t\t<section class=\"elementor-section elementor-top-section elementor-element elementor-element-0c613a8 elementor-section-boxed elementor-section-height-default elementor-section-height-default\" data-id=\"0c613a8\" data-element_type=\"section\" data-e-type=\"section\">\n\t\t\t\t\t\t<div class=\"elementor-container elementor-column-gap-default\">\n\t\t\t\t\t<div class=\"elementor-column elementor-col-100 elementor-top-column elementor-element elementor-element-d661024\" data-id=\"d661024\" data-element_type=\"column\" data-e-type=\"column\">\n\t\t\t<div class=\"elementor-widget-wrap elementor-element-populated\">\n\t\t\t\t\t\t<div class=\"elementor-element elementor-element-5d25c10 animated-slow elementor-invisible elementor-widget elementor-widget-heading\" data-id=\"5d25c10\" data-element_type=\"widget\" data-e-type=\"widget\" data-settings=\"{&quot;_animation&quot;:&quot;fadeIn&quot;,&quot;_animation_tablet&quot;:&quot;none&quot;}\" data-widget_type=\"heading.default\">\n\t\t\t\t<div class=\"elementor-widget-container\">\n\t\t\t\t\t<h1 class=\"elementor-heading-title elementor-size-default\">Our developed applications<\/h1>\t\t\t\t<\/div>\n\t\t\t\t<\/div>\n\t\t\t\t<div class=\"elementor-element elementor-element-1604133 elementor-widget elementor-widget-spacer\" data-id=\"1604133\" data-element_type=\"widget\" data-e-type=\"widget\" data-widget_type=\"spacer.default\">\n\t\t\t\t<div class=\"elementor-widget-container\">\n\t\t\t\t\t\t\t<div class=\"elementor-spacer\">\n\t\t\t<div class=\"elementor-spacer-inner\"><\/div>\n\t\t<\/div>\n\t\t\t\t\t\t<\/div>\n\t\t\t\t<\/div>\n\t\t\t\t\t<\/div>\n\t\t<\/div>\n\t\t\t\t\t<\/div>\n\t\t<\/section>\n\t\t\t\t<section class=\"elementor-section elementor-top-section elementor-element elementor-element-363af35 elementor-section-boxed elementor-section-height-default elementor-section-height-default\" data-id=\"363af35\" data-element_type=\"section\" data-e-type=\"section\">\n\t\t\t\t\t\t<div class=\"elementor-container elementor-column-gap-no\">\n\t\t\t\t\t<div class=\"elementor-column elementor-col-100 elementor-top-column elementor-element elementor-element-4f1c375\" data-id=\"4f1c375\" data-element_type=\"column\" data-e-type=\"column\">\n\t\t\t<div class=\"elementor-widget-wrap elementor-element-populated\">\n\t\t\t\t\t\t<div class=\"vamtam-has-theme-widget-styles elementor-element elementor-element-f02dd7f elementor-grid-tablet-3 elementor-grid-3 elementor-grid-mobile-1 elementor-posts--thumbnail-top load-more-align-center elementor-widget elementor-widget-posts\" data-id=\"f02dd7f\" data-element_type=\"widget\" data-e-type=\"widget\" data-settings=\"{&quot;pagination_type&quot;:&quot;load_more_on_click&quot;,&quot;vamtam_classic_columns_tablet&quot;:&quot;3&quot;,&quot;vamtam_classic_row_gap&quot;:{&quot;unit&quot;:&quot;px&quot;,&quot;size&quot;:40,&quot;sizes&quot;:[]},&quot;vamtam_classic_row_gap_tablet&quot;:{&quot;unit&quot;:&quot;px&quot;,&quot;size&quot;:30,&quot;sizes&quot;:[]},&quot;vamtam_classic_columns&quot;:&quot;3&quot;,&quot;vamtam_classic_columns_mobile&quot;:&quot;1&quot;,&quot;vamtam_classic_row_gap_mobile&quot;:{&quot;unit&quot;:&quot;px&quot;,&quot;size&quot;:&quot;&quot;,&quot;sizes&quot;:[]},&quot;load_more_spinner&quot;:{&quot;value&quot;:&quot;fas fa-spinner&quot;,&quot;library&quot;:&quot;fa-solid&quot;}}\" data-widget_type=\"posts.vamtam_classic\">\n\t\t\t\t<div class=\"elementor-widget-container\">\n\t\t\t\t\t\t\t<div class=\"elementor-posts-container elementor-posts elementor-posts--skin-vamtam_classic elementor-grid\">\n\t\t\t\t<article class=\"elementor-post elementor-grid-item post-990629 post type-post status-publish format-standard hentry category-post\">\n\t\t\t\t\t<div class=\"elementor-post__meta-data\">\n\t\t\t\t\t\t\t<div class=\"vamtam-post__categories\">\n\t\t\t\t<a href=\"https:\/\/www.medyouin.com\/en\/category\/post\/\" rel=\"category tag\">Post<\/a>\t\t\t<\/div>\n\t\t\t\t\t\t<\/div>\n\t\t\t\t\t<div class=\"elementor-post__text\">\n\t\t\t\t<h3 class=\"elementor-post__title\">\n\t\t\t<a href=\"https:\/\/www.medyouin.com\/en\/2025\/11\/07\/chance-cascade-maximize-your-winnings-with-the-3\/\" >\n\t\t\t\tChance &#038; Cascade Maximize Your Winnings with the Plinko official app, Featuring 99% RTP and Adjustab\t\t\t<\/a>\n\t\t<\/h3>\n\t\t\t\t<div class=\"elementor-post__excerpt\">\n\t\t\t<p>Chance &amp; Cascade: Maximize Your Winnings with the Plinko official app, Featuring 99% RTP and Adjustable Gameplay. Understanding the Plinko Gameplay Mechanics Exploring the Risk<\/p>\n\t\t<\/div>\n\t\t\t\t\t<div class=\"elementor-post__read-more-wrapper\">\n\t\t\n\t\t<a class=\"elementor-post__read-more\" href=\"https:\/\/www.medyouin.com\/en\/2025\/11\/07\/chance-cascade-maximize-your-winnings-with-the-3\/\" >\n\t\t\tLearn more\t\t<\/a>\n\n\t\t\t\t\t<\/div>\n\t\t\t\t<\/div>\n\t\t\t\t<\/article>\n\t\t\t\t<article class=\"elementor-post elementor-grid-item post-990627 post type-post status-publish format-standard hentry category-post\">\n\t\t\t\t\t<div class=\"elementor-post__meta-data\">\n\t\t\t\t\t\t\t<div class=\"vamtam-post__categories\">\n\t\t\t\t<a href=\"https:\/\/www.medyouin.com\/en\/category\/post\/\" rel=\"category tag\">Post<\/a>\t\t\t<\/div>\n\t\t\t\t\t\t<\/div>\n\t\t\t\t\t<div class=\"elementor-post__text\">\n\t\t\t\t<h3 class=\"elementor-post__title\">\n\t\t\t<a href=\"https:\/\/www.medyouin.com\/en\/2025\/11\/07\/beyond-the-bounce-bgamings-plinko-offers-a-99-rtp\/\" >\n\t\t\t\tBeyond the Bounce BGaming\u2019s Plinko Offers a 99% RTP, Adjustable Risk &#038; Potential for 1000x Wins.\t\t\t<\/a>\n\t\t<\/h3>\n\t\t\t\t<div class=\"elementor-post__excerpt\">\n\t\t\t<p>Beyond the Bounce: BGaming\u2019s Plinko Offers a 99% RTP, Adjustable Risk &amp; Potential for 1000x Wins. Understanding the Plinko Gameplay Mechanics The Role of RTP<\/p>\n\t\t<\/div>\n\t\t\t\t\t<div class=\"elementor-post__read-more-wrapper\">\n\t\t\n\t\t<a class=\"elementor-post__read-more\" href=\"https:\/\/www.medyouin.com\/en\/2025\/11\/07\/beyond-the-bounce-bgamings-plinko-offers-a-99-rtp\/\" >\n\t\t\tLearn more\t\t<\/a>\n\n\t\t\t\t\t<\/div>\n\t\t\t\t<\/div>\n\t\t\t\t<\/article>\n\t\t\t\t<article class=\"elementor-post elementor-grid-item post-989795 post type-post status-publish format-standard has-post-thumbnail hentry category-mobile-development\">\n\t\t\t\t<a class=\"elementor-post__thumbnail__link\" href=\"https:\/\/www.medyouin.com\/en\/2024\/12\/12\/we-radio\/\" >\n\t\t\t<div class=\"elementor-post__thumbnail\"><img fetchpriority=\"high\" decoding=\"async\" width=\"1024\" height=\"743\" src=\"https:\/\/www.medyouin.com\/wp-content\/uploads\/2024\/12\/we-radio-1024x743.png\" class=\"attachment-large size-large wp-image-989798\" alt=\"\" srcset=\"https:\/\/www.medyouin.com\/wp-content\/uploads\/2024\/12\/we-radio-1024x743.png 1024w, https:\/\/www.medyouin.com\/wp-content\/uploads\/2024\/12\/we-radio-300x218.png 300w, https:\/\/www.medyouin.com\/wp-content\/uploads\/2024\/12\/we-radio-768x557.png 768w, https:\/\/www.medyouin.com\/wp-content\/uploads\/2024\/12\/we-radio-18x12.png 18w, https:\/\/www.medyouin.com\/wp-content\/uploads\/2024\/12\/we-radio.png 1310w\" sizes=\"(max-width: 1024px) 100vw, 1024px\" \/><\/div>\n\t\t<\/a>\n\t\t\t\t\t<div class=\"elementor-post__meta-data\">\n\t\t\t\t\t\t\t<div class=\"vamtam-post__categories\">\n\t\t\t\t<a href=\"https:\/\/www.medyouin.com\/en\/category\/case-studies\/mobile-development\/\" rel=\"category tag\">Mobile development<\/a>\t\t\t<\/div>\n\t\t\t\t\t\t<\/div>\n\t\t\t\t\t<div class=\"elementor-post__text\">\n\t\t\t\t<h3 class=\"elementor-post__title\">\n\t\t\t<a href=\"https:\/\/www.medyouin.com\/en\/2024\/12\/12\/we-radio\/\" >\n\t\t\t\tWe Radio\t\t\t<\/a>\n\t\t<\/h3>\n\t\t\t\t<div class=\"elementor-post__excerpt\">\n\t\t\t<p>Application mobile de la Radio Groupe AWB qui permet de partager aux collaborateurs diff\u00e9rents programmes tels que les podcats, \u00e9missions, live, etc ..<\/p>\n\t\t<\/div>\n\t\t\t\t\t<div class=\"elementor-post__read-more-wrapper\">\n\t\t\n\t\t<a class=\"elementor-post__read-more\" href=\"https:\/\/www.medyouin.com\/en\/2024\/12\/12\/we-radio\/\" >\n\t\t\tLearn more\t\t<\/a>\n\n\t\t\t\t\t<\/div>\n\t\t\t\t<\/div>\n\t\t\t\t<\/article>\n\t\t\t\t<article class=\"elementor-post elementor-grid-item post-989779 post type-post status-publish format-standard has-post-thumbnail hentry category-mobile-development\">\n\t\t\t\t<a class=\"elementor-post__thumbnail__link\" href=\"https:\/\/www.medyouin.com\/en\/2024\/12\/12\/washly\/\" >\n\t\t\t<div class=\"elementor-post__thumbnail\"><img decoding=\"async\" width=\"1024\" height=\"743\" src=\"https:\/\/www.medyouin.com\/wp-content\/uploads\/2024\/12\/washly-1-3-1024x743.png\" class=\"attachment-large size-large wp-image-989810\" alt=\"\" srcset=\"https:\/\/www.medyouin.com\/wp-content\/uploads\/2024\/12\/washly-1-3-1024x743.png 1024w, https:\/\/www.medyouin.com\/wp-content\/uploads\/2024\/12\/washly-1-3-300x218.png 300w, https:\/\/www.medyouin.com\/wp-content\/uploads\/2024\/12\/washly-1-3-768x557.png 768w, https:\/\/www.medyouin.com\/wp-content\/uploads\/2024\/12\/washly-1-3-18x12.png 18w, https:\/\/www.medyouin.com\/wp-content\/uploads\/2024\/12\/washly-1-3.png 1310w\" sizes=\"(max-width: 1024px) 100vw, 1024px\" \/><\/div>\n\t\t<\/a>\n\t\t\t\t\t<div class=\"elementor-post__meta-data\">\n\t\t\t\t\t\t\t<div class=\"vamtam-post__categories\">\n\t\t\t\t<a href=\"https:\/\/www.medyouin.com\/en\/category\/case-studies\/mobile-development\/\" rel=\"category tag\">Mobile development<\/a>\t\t\t<\/div>\n\t\t\t\t\t\t<\/div>\n\t\t\t\t\t<div class=\"elementor-post__text\">\n\t\t\t\t<h3 class=\"elementor-post__title\">\n\t\t\t<a href=\"https:\/\/www.medyouin.com\/en\/2024\/12\/12\/washly\/\" >\n\t\t\t\tWashly\t\t\t<\/a>\n\t\t<\/h3>\n\t\t\t\t<div class=\"elementor-post__excerpt\">\n\t\t\t<p>Washly est un service innovant et \u00e9cologique de lavage automobile \u00e0 domicile, con\u00e7u pour simplifier le quotidien tout en respectant l\u2019environnement. L&rsquo;application permet aux utilisateurs de r\u00e9server un service de lavage professionnel en quelques clics .<\/p>\n\t\t<\/div>\n\t\t\t\t\t<div class=\"elementor-post__read-more-wrapper\">\n\t\t\n\t\t<a class=\"elementor-post__read-more\" href=\"https:\/\/www.medyouin.com\/en\/2024\/12\/12\/washly\/\" >\n\t\t\tLearn more\t\t<\/a>\n\n\t\t\t\t\t<\/div>\n\t\t\t\t<\/div>\n\t\t\t\t<\/article>\n\t\t\t\t<article class=\"elementor-post elementor-grid-item post-2458 post type-post status-publish format-standard has-post-thumbnail hentry category-mobile-development\">\n\t\t\t\t<a class=\"elementor-post__thumbnail__link\" href=\"https:\/\/www.medyouin.com\/en\/2023\/06\/16\/moto-pick-up\/\" >\n\t\t\t<div class=\"elementor-post__thumbnail\"><img decoding=\"async\" width=\"1024\" height=\"743\" src=\"https:\/\/www.medyouin.com\/wp-content\/uploads\/2023\/06\/moto-2-1024x743.png\" class=\"attachment-large size-large wp-image-988876\" alt=\"\" srcset=\"https:\/\/www.medyouin.com\/wp-content\/uploads\/2023\/06\/moto-2-1024x743.png 1024w, https:\/\/www.medyouin.com\/wp-content\/uploads\/2023\/06\/moto-2-300x218.png 300w, https:\/\/www.medyouin.com\/wp-content\/uploads\/2023\/06\/moto-2-768x557.png 768w, https:\/\/www.medyouin.com\/wp-content\/uploads\/2023\/06\/moto-2.png 1310w\" sizes=\"(max-width: 1024px) 100vw, 1024px\" \/><\/div>\n\t\t<\/a>\n\t\t\t\t\t<div class=\"elementor-post__meta-data\">\n\t\t\t\t\t\t\t<div class=\"vamtam-post__categories\">\n\t\t\t\t<a href=\"https:\/\/www.medyouin.com\/en\/category\/case-studies\/mobile-development\/\" rel=\"category tag\">Mobile development<\/a>\t\t\t<\/div>\n\t\t\t\t\t\t<\/div>\n\t\t\t\t\t<div class=\"elementor-post__text\">\n\t\t\t\t<h3 class=\"elementor-post__title\">\n\t\t\t<a href=\"https:\/\/www.medyouin.com\/en\/2023\/06\/16\/moto-pick-up\/\" >\n\t\t\t\tMoto Pick Up\t\t\t<\/a>\n\t\t<\/h3>\n\t\t\t\t<div class=\"elementor-post__excerpt\">\n\t\t\t<p>MOTO PICK UP is a motorcycle transport service with a social, environmental and economic vocation which gives rise to a new mode of mobility which solves three major problems which unfortunately make up our daily lives<\/p>\n\t\t<\/div>\n\t\t\t\t\t<div class=\"elementor-post__read-more-wrapper\">\n\t\t\n\t\t<a class=\"elementor-post__read-more\" href=\"https:\/\/www.medyouin.com\/en\/2023\/06\/16\/moto-pick-up\/\" >\n\t\t\tLearn more\t\t<\/a>\n\n\t\t\t\t\t<\/div>\n\t\t\t\t<\/div>\n\t\t\t\t<\/article>\n\t\t\t\t<article class=\"elementor-post elementor-grid-item post-2463 post type-post status-publish format-standard has-post-thumbnail hentry category-mobile-development\">\n\t\t\t\t<a class=\"elementor-post__thumbnail__link\" href=\"https:\/\/www.medyouin.com\/en\/2023\/03\/20\/major-insurance-provider-saves-750k-per-month-with-big-data-migration\/\" >\n\t\t\t<div class=\"elementor-post__thumbnail\"><img loading=\"lazy\" decoding=\"async\" width=\"1024\" height=\"743\" src=\"https:\/\/www.medyouin.com\/wp-content\/uploads\/2023\/03\/gluco-1024x743.png\" class=\"attachment-large size-large wp-image-988871\" alt=\"\" srcset=\"https:\/\/www.medyouin.com\/wp-content\/uploads\/2023\/03\/gluco-1024x743.png 1024w, https:\/\/www.medyouin.com\/wp-content\/uploads\/2023\/03\/gluco-300x218.png 300w, https:\/\/www.medyouin.com\/wp-content\/uploads\/2023\/03\/gluco-768x557.png 768w, https:\/\/www.medyouin.com\/wp-content\/uploads\/2023\/03\/gluco.png 1310w\" sizes=\"(max-width: 1024px) 100vw, 1024px\" \/><\/div>\n\t\t<\/a>\n\t\t\t\t\t<div class=\"elementor-post__meta-data\">\n\t\t\t\t\t\t\t<div class=\"vamtam-post__categories\">\n\t\t\t\t<a href=\"https:\/\/www.medyouin.com\/en\/category\/case-studies\/mobile-development\/\" rel=\"category tag\">Mobile development<\/a>\t\t\t<\/div>\n\t\t\t\t\t\t<\/div>\n\t\t\t\t\t<div class=\"elementor-post__text\">\n\t\t\t\t<h3 class=\"elementor-post__title\">\n\t\t\t<a href=\"https:\/\/www.medyouin.com\/en\/2023\/03\/20\/major-insurance-provider-saves-750k-per-month-with-big-data-migration\/\" >\n\t\t\t\tGlucotel\t\t\t<\/a>\n\t\t<\/h3>\n\t\t\t\t<div class=\"elementor-post__excerpt\">\n\t\t\t<p>A personalized application that helps you understand, track, analyze and keep diabetes under control.<\/p>\n\t\t<\/div>\n\t\t\t\t\t<div class=\"elementor-post__read-more-wrapper\">\n\t\t\n\t\t<a class=\"elementor-post__read-more\" href=\"https:\/\/www.medyouin.com\/en\/2023\/03\/20\/major-insurance-provider-saves-750k-per-month-with-big-data-migration\/\" >\n\t\t\tLearn more\t\t<\/a>\n\n\t\t\t\t\t<\/div>\n\t\t\t\t<\/div>\n\t\t\t\t<\/article>\n\t\t\t\t<article class=\"elementor-post elementor-grid-item post-2460 post type-post status-publish format-standard has-post-thumbnail hentry category-app-develoment\">\n\t\t\t\t<a class=\"elementor-post__thumbnail__link\" href=\"https:\/\/www.medyouin.com\/en\/2023\/03\/20\/maximizing-efficiency-with-proper-technology-implementation-coffee-success-story\/\" >\n\t\t\t<div class=\"elementor-post__thumbnail\"><img loading=\"lazy\" decoding=\"async\" width=\"1024\" height=\"743\" src=\"https:\/\/www.medyouin.com\/wp-content\/uploads\/2023\/03\/avon-1024x743.png\" class=\"attachment-large size-large wp-image-988873\" alt=\"\" srcset=\"https:\/\/www.medyouin.com\/wp-content\/uploads\/2023\/03\/avon-1024x743.png 1024w, https:\/\/www.medyouin.com\/wp-content\/uploads\/2023\/03\/avon-300x218.png 300w, https:\/\/www.medyouin.com\/wp-content\/uploads\/2023\/03\/avon-768x557.png 768w, https:\/\/www.medyouin.com\/wp-content\/uploads\/2023\/03\/avon.png 1310w\" sizes=\"(max-width: 1024px) 100vw, 1024px\" \/><\/div>\n\t\t<\/a>\n\t\t\t\t\t<div class=\"elementor-post__meta-data\">\n\t\t\t\t\t\t\t<div class=\"vamtam-post__categories\">\n\t\t\t\t<a href=\"https:\/\/www.medyouin.com\/en\/category\/case-studies\/app-develoment\/\" rel=\"category tag\">App develoment<\/a>\t\t\t<\/div>\n\t\t\t\t\t\t<\/div>\n\t\t\t\t\t<div class=\"elementor-post__text\">\n\t\t\t\t<h3 class=\"elementor-post__title\">\n\t\t\t<a href=\"https:\/\/www.medyouin.com\/en\/2023\/03\/20\/maximizing-efficiency-with-proper-technology-implementation-coffee-success-story\/\" >\n\t\t\t\tAvonFruits\t\t\t<\/a>\n\t\t<\/h3>\n\t\t\t\t<div class=\"elementor-post__excerpt\">\n\t\t\t<p>premier destination for the best products from around the world. We are passionate about delivering the freshest, tastiest fruit and vegetables to our UK customers.<\/p>\n\t\t<\/div>\n\t\t\t\t\t<div class=\"elementor-post__read-more-wrapper\">\n\t\t\n\t\t<a class=\"elementor-post__read-more\" href=\"https:\/\/www.medyouin.com\/en\/2023\/03\/20\/maximizing-efficiency-with-proper-technology-implementation-coffee-success-story\/\" >\n\t\t\tLearn more\t\t<\/a>\n\n\t\t\t\t\t<\/div>\n\t\t\t\t<\/div>\n\t\t\t\t<\/article>\n\t\t\t\t<article class=\"elementor-post elementor-grid-item post-2808 post type-post status-publish format-standard has-post-thumbnail hentry category-app-develoment\">\n\t\t\t\t<a class=\"elementor-post__thumbnail__link\" href=\"https:\/\/www.medyouin.com\/en\/2023\/03\/20\/convenience-savings-and-rewards-at-your-fingertips-2\/\" >\n\t\t\t<div class=\"elementor-post__thumbnail\"><img loading=\"lazy\" decoding=\"async\" width=\"1024\" height=\"743\" src=\"https:\/\/www.medyouin.com\/wp-content\/uploads\/2023\/03\/mda-2-1024x743.png\" class=\"attachment-large size-large wp-image-988874\" alt=\"\" srcset=\"https:\/\/www.medyouin.com\/wp-content\/uploads\/2023\/03\/mda-2-1024x743.png 1024w, https:\/\/www.medyouin.com\/wp-content\/uploads\/2023\/03\/mda-2-300x218.png 300w, https:\/\/www.medyouin.com\/wp-content\/uploads\/2023\/03\/mda-2-768x557.png 768w, https:\/\/www.medyouin.com\/wp-content\/uploads\/2023\/03\/mda-2.png 1310w\" sizes=\"(max-width: 1024px) 100vw, 1024px\" \/><\/div>\n\t\t<\/a>\n\t\t\t\t\t<div class=\"elementor-post__meta-data\">\n\t\t\t\t\t\t\t<div class=\"vamtam-post__categories\">\n\t\t\t\t<a href=\"https:\/\/www.medyouin.com\/en\/category\/case-studies\/app-develoment\/\" rel=\"category tag\">App develoment<\/a>\t\t\t<\/div>\n\t\t\t\t\t\t<\/div>\n\t\t\t\t\t<div class=\"elementor-post__text\">\n\t\t\t\t<h3 class=\"elementor-post__title\">\n\t\t\t<a href=\"https:\/\/www.medyouin.com\/en\/2023\/03\/20\/convenience-savings-and-rewards-at-your-fingertips-2\/\" >\n\t\t\t\tMorocco Digital Academy\t\t\t<\/a>\n\t\t<\/h3>\n\t\t\t\t<div class=\"elementor-post__excerpt\">\n\t\t\t<p>An initiative of the Mohammed VI Polytechnic University, Morocco Digital Academy is a training and learning platform for digital professions. <\/p>\n\t\t<\/div>\n\t\t\t\t\t<div class=\"elementor-post__read-more-wrapper\">\n\t\t\n\t\t<a class=\"elementor-post__read-more\" href=\"https:\/\/www.medyouin.com\/en\/2023\/03\/20\/convenience-savings-and-rewards-at-your-fingertips-2\/\" >\n\t\t\tLearn more\t\t<\/a>\n\n\t\t\t\t\t<\/div>\n\t\t\t\t<\/div>\n\t\t\t\t<\/article>\n\t\t\t\t<article class=\"elementor-post elementor-grid-item post-2736 post type-post status-publish format-standard has-post-thumbnail hentry category-app-develoment category-mobile-development\">\n\t\t\t\t<a class=\"elementor-post__thumbnail__link\" href=\"https:\/\/www.medyouin.com\/en\/2023\/03\/20\/private-trust-management-and-trading-platform\/\" >\n\t\t\t<div class=\"elementor-post__thumbnail\"><img loading=\"lazy\" decoding=\"async\" width=\"1024\" height=\"743\" src=\"https:\/\/www.medyouin.com\/wp-content\/uploads\/2023\/03\/daba-1024x743.png\" class=\"attachment-large size-large wp-image-988875\" alt=\"\" srcset=\"https:\/\/www.medyouin.com\/wp-content\/uploads\/2023\/03\/daba-1024x743.png 1024w, https:\/\/www.medyouin.com\/wp-content\/uploads\/2023\/03\/daba-300x218.png 300w, https:\/\/www.medyouin.com\/wp-content\/uploads\/2023\/03\/daba-768x557.png 768w, https:\/\/www.medyouin.com\/wp-content\/uploads\/2023\/03\/daba.png 1310w\" sizes=\"(max-width: 1024px) 100vw, 1024px\" \/><\/div>\n\t\t<\/a>\n\t\t\t\t\t<div class=\"elementor-post__meta-data\">\n\t\t\t\t\t\t\t<div class=\"vamtam-post__categories\">\n\t\t\t\t<a href=\"https:\/\/www.medyouin.com\/en\/category\/case-studies\/app-develoment\/\" rel=\"category tag\">App develoment<\/a>, <a href=\"https:\/\/www.medyouin.com\/en\/category\/case-studies\/mobile-development\/\" rel=\"category tag\">Mobile development<\/a>\t\t\t<\/div>\n\t\t\t\t\t\t<\/div>\n\t\t\t\t\t<div class=\"elementor-post__text\">\n\t\t\t\t<h3 class=\"elementor-post__title\">\n\t\t\t<a href=\"https:\/\/www.medyouin.com\/en\/2023\/03\/20\/private-trust-management-and-trading-platform\/\" >\n\t\t\t\tDaba Permis\t\t\t<\/a>\n\t\t<\/h3>\n\t\t\t\t<div class=\"elementor-post__excerpt\">\n\t\t\t<p>Daba Permis is a digital platform that allows you to manage and organize several driving schools<\/p>\n\t\t<\/div>\n\t\t\t\t\t<div class=\"elementor-post__read-more-wrapper\">\n\t\t\n\t\t<a class=\"elementor-post__read-more\" href=\"https:\/\/www.medyouin.com\/en\/2023\/03\/20\/private-trust-management-and-trading-platform\/\" >\n\t\t\tLearn more\t\t<\/a>\n\n\t\t\t\t\t<\/div>\n\t\t\t\t<\/div>\n\t\t\t\t<\/article>\n\t\t\t\t<\/div>\n\n\n\t\t\t\t\t<span class=\"e-load-more-spinner\">\n\t\t\t\t<i aria-hidden=\"true\" class=\"fas fa-spinner\"><\/i>\t\t\t<\/span>\n\t\t\n\t\t\t\t\t\t<\/div>\n\t\t\t\t<\/div>\n\t\t\t\t\t<\/div>\n\t\t<\/div>\n\t\t\t\t\t<\/div>\n\t\t<\/section>\n\t\t\t\t<\/div>","protected":false},"excerpt":{"rendered":"<p>Bienvenue chez Med You in \u00e0 Mekn\u00e8s et Montpellier, o\u00f9 nous concevons et d\u00e9veloppons des applications performantes et sur mesure pour r\u00e9pondre aux besoins sp\u00e9cifiques des entreprises au Maroc et en France. Nos services incluent le d\u00e9veloppement informatique, la transformation digitale, et la cr\u00e9ation de logiciels personnalis\u00e9s pour entreprises, garantissant s\u00e9curit\u00e9 et performance web. Nous&#8230;<\/p>","protected":false},"author":1,"featured_media":0,"parent":0,"menu_order":0,"comment_status":"closed","ping_status":"closed","template":"","meta":{"om_disable_all_campaigns":false,"_monsterinsights_skip_tracking":false,"_monsterinsights_sitenote_active":false,"_monsterinsights_sitenote_note":"","_monsterinsights_sitenote_category":0,"footnotes":""},"class_list":["post-97","page","type-page","status-publish","hentry"],"aioseo_notices":[],"_links":{"self":[{"href":"https:\/\/www.medyouin.com\/en\/wp-json\/wp\/v2\/pages\/97","targetHints":{"allow":["GET"]}}],"collection":[{"href":"https:\/\/www.medyouin.com\/en\/wp-json\/wp\/v2\/pages"}],"about":[{"href":"https:\/\/www.medyouin.com\/en\/wp-json\/wp\/v2\/types\/page"}],"author":[{"embeddable":true,"href":"https:\/\/www.medyouin.com\/en\/wp-json\/wp\/v2\/users\/1"}],"replies":[{"embeddable":true,"href":"https:\/\/www.medyouin.com\/en\/wp-json\/wp\/v2\/comments?post=97"}],"version-history":[{"count":8,"href":"https:\/\/www.medyouin.com\/en\/wp-json\/wp\/v2\/pages\/97\/revisions"}],"predecessor-version":[{"id":990567,"href":"https:\/\/www.medyouin.com\/en\/wp-json\/wp\/v2\/pages\/97\/revisions\/990567"}],"wp:attachment":[{"href":"https:\/\/www.medyouin.com\/en\/wp-json\/wp\/v2\/media?parent=97"}],"curies":[{"name":"wp","href":"https:\/\/api.w.org\/{rel}","templated":true}]}}